{"id":362,"date":"2024-06-10T18:31:26","date_gmt":"2024-06-10T16:31:26","guid":{"rendered":"https:\/\/powermix.gr\/?post_type=product&#038;p=362"},"modified":"2024-06-10T18:31:43","modified_gmt":"2024-06-10T16:31:43","slug":"%ce%bb%ce%b1%cf%83%cf%80%ce%b7-%ce%ba%cf%84%ce%b9%cf%83%ce%b9%ce%bc%ce%b1%cf%84%ce%bf%cf%83-pm-50","status":"publish","type":"product","link":"https:\/\/powermix.gr\/sq\/produkt\/%ce%bb%ce%b1%cf%83%cf%80%ce%b7-%ce%ba%cf%84%ce%b9%cf%83%ce%b9%ce%bc%ce%b1%cf%84%ce%bf%cf%83-pm-50\/","title":{"rendered":"LLA\u00c7 PM 50"},"content":{"rendered":"<p>Lla\u00e7 \u00e7imentoje p\u00ebr tulla nd\u00ebrtimi, tulla dekorative, blloqe betoni etj.<\/p>\n<p><span class=\"redtitle\">P\u00ebrpar\u00ebsit\u00eb:<\/span><\/p>\n<ul>\n<li style=\"list-style-type: none;\">\n<ul>\n<li>Elasticitet i madh<\/li>\n<\/ul>\n<\/li>\n<\/ul>\n<p>&nbsp;<\/p>\n<ul>\n<li style=\"list-style-type: none;\">\n<ul>\n<li>Rezistenc\u00eb e shk\u00eblqyer ndaj koh\u00ebs dhe lag\u00ebshtis\u00eb<\/li>\n<\/ul>\n<\/li>\n<\/ul>\n<p>&nbsp;<\/p>\n<ul>\n<li style=\"list-style-type: none;\">\n<ul>\n<li>Fuqi e lart\u00eb saldimi<\/li>\n<\/ul>\n<\/li>\n<\/ul>\n<p>&nbsp;<\/p>\n<ul>\n<li>Ulja e kostos p\u00ebr shkak t\u00eb efikasitetit t\u00eb lart\u00eb t\u00eb materialit<\/li>\n<\/ul>","protected":false},"excerpt":{"rendered":"<p>\u03a4\u03c3\u03b9\u03bc\u03b5\u03bd\u03c4\u03bf\u03b5\u03b9\u03b4\u03ae\u03c2 \u03ba\u03bf\u03bd\u03af\u03b1\u03bc\u03b1 \u03b3\u03b9\u03b1 \u03c7\u03c4\u03af\u03c3\u03b9\u03bc\u03bf \u03c4\u03bf\u03cd\u03b2\u03bb\u03c9\u03bd, \u03b4\u03b9\u03b1\u03ba\u03bf\u03c3\u03bc\u03b7\u03c4\u03b9\u03ba\u03ce\u03bd \u03c4\u03bf\u03cd\u03b2\u03bb\u03c9\u03bd, \u03c4\u03c3\u03b9\u03bc\u03b5\u03bd\u03c4\u03cc\u03bb\u03b9\u03b8\u03c9\u03bd \u03ba\u03c4\u03bb \u03a0\u03bb\u03b5\u03bf\u03bd\u03b5\u03ba\u03c4\u03ae\u03bc\u03b1\u03c4\u03b1: \u039c\u03b5\u03b3\u03ac\u03bb\u03b7 \u03b5\u03bb\u03b1\u03c3\u03c4\u03b9\u03ba\u03cc\u03c4\u03b7\u03c4\u03b1 &nbsp; \u0386\u03c1\u03b9\u03c3\u03c4\u03b7 \u03b1\u03bd\u03c4\u03bf\u03c7\u03ae \u03c3\u03c4\u03bf \u03c7\u03c1\u03cc\u03bd\u03bf \u03ba\u03b1\u03b9 \u03c4\u03b7\u03bd \u03c5\u03b3\u03c1\u03b1\u03c3\u03af\u03b1 &nbsp; \u03a5\u03c8\u03b7\u03bb\u03ae \u03b4\u03cd\u03bd\u03b1\u03bc\u03b7 \u03c3\u03c5\u03b3\u03ba\u03cc\u03bb\u03b7\u03c3\u03b7\u03c2 &nbsp; \u039c\u03b5\u03af\u03c9\u03c3\u03b7 \u03ba\u03cc\u03c3\u03c4\u03bf\u03c5\u03c2 \u03bb\u03cc\u03b3\u03c9 \u03c5\u03c8\u03b7\u03bb\u03ae\u03c2 \u03b1\u03c0\u03bf\u03b4\u03bf\u03c4\u03b9\u03ba\u03cc\u03c4\u03b7\u03c4\u03b1\u03c2 \u03c4\u03bf\u03c5 \u03c5\u03bb\u03b9\u03ba\u03bf\u03cd<\/p>","protected":false},"featured_media":363,"template":"","meta":[],"product_brand":[],"product_cat":[28,32],"product_tag":[],"class_list":{"0":"post-362","1":"product","2":"type-product","3":"status-publish","4":"has-post-thumbnail","6":"product_cat-28","7":"product_cat-32","9":"first","10":"instock","11":"shipping-taxable","12":"product-type-simple"},"_links":{"self":[{"href":"https:\/\/powermix.gr\/sq\/wp-json\/wp\/v2\/product\/362","targetHints":{"allow":["GET"]}}],"collection":[{"href":"https:\/\/powermix.gr\/sq\/wp-json\/wp\/v2\/product"}],"about":[{"href":"https:\/\/powermix.gr\/sq\/wp-json\/wp\/v2\/types\/product"}],"wp:featuredmedia":[{"embeddable":true,"href":"https:\/\/powermix.gr\/sq\/wp-json\/wp\/v2\/media\/363"}],"wp:attachment":[{"href":"https:\/\/powermix.gr\/sq\/wp-json\/wp\/v2\/media?parent=362"}],"wp:term":[{"taxonomy":"product_brand","embeddable":true,"href":"https:\/\/powermix.gr\/sq\/wp-json\/wp\/v2\/product_brand?post=362"},{"taxonomy":"product_cat","embeddable":true,"href":"https:\/\/powermix.gr\/sq\/wp-json\/wp\/v2\/product_cat?post=362"},{"taxonomy":"product_tag","embeddable":true,"href":"https:\/\/powermix.gr\/sq\/wp-json\/wp\/v2\/product_tag?post=362"}],"curies":[{"name":"wp","href":"https:\/\/api.w.org\/{rel}","templated":true}]}}