{"id":376,"date":"2024-06-10T18:40:58","date_gmt":"2024-06-10T16:40:58","guid":{"rendered":"https:\/\/powermix.gr\/?post_type=product&#038;p=376"},"modified":"2024-06-10T18:42:37","modified_gmt":"2024-06-10T16:42:37","slug":"%cf%83%ce%bf%ce%b2%ce%b1%cf%83-%ce%b2%ce%b1%cf%83%ce%b9%ce%ba%ce%b7%cf%83-%cf%83%cf%84%cf%81%cf%89%cf%83%ce%b7%cf%83-pm-100","status":"publish","type":"product","link":"https:\/\/powermix.gr\/sq\/produkt\/%cf%83%ce%bf%ce%b2%ce%b1%cf%83-%ce%b2%ce%b1%cf%83%ce%b9%ce%ba%ce%b7%cf%83-%cf%83%cf%84%cf%81%cf%89%cf%83%ce%b7%cf%83-pm-100\/","title":{"rendered":"SLIVA SHTRESES BHZE PM 100"},"content":{"rendered":"<p>Suva baze p\u00ebr shtrese e pare me kokeriza te zgjedhurh rere e pershtateshme per ambiente te jashtme dhe te brehdeshme.\nMateriali perdoret kryesisht p\u00ebr subatime dora e pare dhe p\u00ebr meremete.<\/p>\n<p><img decoding=\"async\" class=\"alignnone size-full wp-image-377\" src=\"https:\/\/powermix.gr\/wp-content\/uploads\/2024\/06\/GP-CSII-W2.jpg\" alt=\"\" width=\"173\" height=\"66\" \/><img decoding=\"async\" class=\"alignnone size-full wp-image-378\" src=\"https:\/\/powermix.gr\/wp-content\/uploads\/2024\/06\/CELogop.png\" alt=\"\" width=\"100\" height=\"71\" \/><\/p>\n<p><span class=\"redtitle\">P\u00ebrpar\u00ebsit\u00eb:<\/span><\/p>\n<ul>\n<li>rezistenc\u00eb e lart\u00eb ndaj kushteve ekstreme klimatike<\/li>\n<li>Elasticitet i madh<\/li>\n<li>Largon ujin dhe \u00ebsht\u00eb gjithashtu i pap\u00ebrshkuesh\u00ebm nga uji<\/li>\n<li>Aft\u00ebsia transpiruese<\/li>\n<li>Nuk zhvillon asnj\u00eb lloj k\u00ebrpudhash apo fluturash<\/li>\n<li>Ulja e kostos p\u00ebr shkak t\u00eb efikasitetit t\u00eb lart\u00eb t\u00eb materialit<\/li>\n<li>miq\u00ebsore me mjedisin<\/li>\n<\/ul>","protected":false},"excerpt":{"rendered":"<p>\u0392\u03b1\u03c3\u03b9\u03ba\u03cc\u03c2 \u03c3\u03bf\u03b2\u03ac\u03c2 \u03c0\u03c1\u03ce\u03c4\u03b7\u03c2 \u03c3\u03c4\u03c1\u03ce\u03c3\u03b7\u03c2 \u03bc\u03b5 \u03b5\u03c0\u03b9\u03bb\u03b5\u03b3\u03bc\u03ad\u03bd\u03b7 \u03ba\u03bf\u03ba\u03bf\u03bc\u03b5\u03c4\u03c1\u03af\u03b1 \u03ac\u03bc\u03bc\u03bf\u03c5 \u03ba\u03b1\u03c4\u03ac\u03bb\u03bb\u03b7\u03bb\u03bf\u03c2 \u03b3\u03b9\u03b1 \u03b5\u03be\u03c9\u03c4\u03b5\u03c1\u03b9\u03ba\u03ae \u03ba\u03b1\u03b9 \u03b5\u03c3\u03c9\u03c4\u03b5\u03c1\u03b9\u03ba\u03ae \u03c7\u03c1\u03ae\u03c3\u03b7. \u03a4\u03bf \u03c5\u03bb\u03b9\u03ba\u03cc \u03c7\u03c1\u03b7\u03c3\u03b9\u03bc\u03bf\u03c0\u03bf\u03b9\u03b5\u03af\u03c4\u03b1\u03b9 \u03ba\u03c5\u03c1\u03af\u03c9\u03c2 \u03b3\u03b9\u03b1 \u03c0\u03c1\u03ce\u03c4\u03bf \u03c7\u03ad\u03c1\u03b9 \u03c3\u03bf\u03b2\u03ac \u03ba\u03b1\u03b9 \u03b3\u03b9\u03b1 \u03bc\u03b5\u03c1\u03b5\u03bc\u03ad\u03c4\u03b9\u03b1. \u03a0\u03bb\u03b5\u03bf\u03bd\u03b5\u03ba\u03c4\u03ae\u03bc\u03b1\u03c4\u03b1: \u03a5\u03c8\u03b7\u03bb\u03ae \u03b1\u03bd\u03c4\u03bf\u03c7\u03ae \u03c3\u03b5 \u03b1\u03ba\u03c1\u03b1\u03af\u03b5\u03c2 \u03ba\u03bb\u03b9\u03bc\u03b1\u03c4\u03bf\u03bb\u03bf\u03b3\u03b9\u03ba\u03ad\u03c2 \u03c3\u03c5\u03bd\u03b8\u03ae\u03ba\u03b5\u03c2 \u039c\u03b5\u03b3\u03ac\u03bb\u03b7 \u03b5\u03bb\u03b1\u03c3\u03c4\u03b9\u03ba\u03cc\u03c4\u03b7\u03c4\u03b1 \u03a5\u03b4\u03b1\u03c4\u03bf\u03b1\u03c0\u03c9\u03b8\u03b7\u03c4\u03b9\u03ba\u03cc\u03c2 \u03ba\u03b1\u03b9 \u03b1\u03b4\u03b9\u03ac\u03b2\u03c1\u03bf\u03c7\u03bf\u03c2 \u0399\u03ba\u03b1\u03bd\u03cc\u03c4\u03b7\u03c4\u03b1 \u03b4\u03b9\u03b1\u03c0\u03bd\u03bf\u03ae\u03c2 \u0394\u03b5\u03bd \u03b1\u03bd\u03b1\u03c0\u03c4\u03cd\u03c3\u03b5\u03b9 \u03bc\u03cd\u03ba\u03b7\u03c4\u03b5\u03c2 \u03ae \u03c0\u03b5\u03c4\u03b1\u03bb\u03bf\u03cd\u03b4\u03b5\u03c2 \u039c\u03b5\u03b9\u03ce\u03bd\u03b5\u03b9 \u03c4\u03bf \u03ba\u03cc\u03c3\u03c4\u03bf\u03c2 \u03bb\u03cc\u03b3\u03c9 \u03c5\u03c8\u03b7\u03bb\u03ae\u03c2 \u03b1\u03c0\u03bf\u03b4\u03bf\u03c4\u03b9\u03ba\u03cc\u03c4\u03b7\u03c4\u03b1\u03c2 \u03c4\u03bf\u03c5 \u03c5\u03bb\u03b9\u03ba\u03bf\u03cd \u03a6\u03b9\u03bb\u03b9\u03ba\u03cc \u03c0\u03c1\u03bf\u03c2 \u03c4\u03bf [&hellip;]<\/p>","protected":false},"featured_media":381,"template":"","meta":[],"product_brand":[],"product_cat":[29,33],"product_tag":[],"class_list":{"0":"post-376","1":"product","2":"type-product","3":"status-publish","4":"has-post-thumbnail","6":"product_cat-29","7":"product_cat-33","9":"first","10":"instock","11":"shipping-taxable","12":"product-type-simple"},"_links":{"self":[{"href":"https:\/\/powermix.gr\/sq\/wp-json\/wp\/v2\/product\/376","targetHints":{"allow":["GET"]}}],"collection":[{"href":"https:\/\/powermix.gr\/sq\/wp-json\/wp\/v2\/product"}],"about":[{"href":"https:\/\/powermix.gr\/sq\/wp-json\/wp\/v2\/types\/product"}],"wp:featuredmedia":[{"embeddable":true,"href":"https:\/\/powermix.gr\/sq\/wp-json\/wp\/v2\/media\/381"}],"wp:attachment":[{"href":"https:\/\/powermix.gr\/sq\/wp-json\/wp\/v2\/media?parent=376"}],"wp:term":[{"taxonomy":"product_brand","embeddable":true,"href":"https:\/\/powermix.gr\/sq\/wp-json\/wp\/v2\/product_brand?post=376"},{"taxonomy":"product_cat","embeddable":true,"href":"https:\/\/powermix.gr\/sq\/wp-json\/wp\/v2\/product_cat?post=376"},{"taxonomy":"product_tag","embeddable":true,"href":"https:\/\/powermix.gr\/sq\/wp-json\/wp\/v2\/product_tag?post=376"}],"curies":[{"name":"wp","href":"https:\/\/api.w.org\/{rel}","templated":true}]}}