{"id":382,"date":"2024-06-10T18:44:01","date_gmt":"2024-06-10T16:44:01","guid":{"rendered":"https:\/\/powermix.gr\/?post_type=product&#038;p=382"},"modified":"2024-06-10T18:44:01","modified_gmt":"2024-06-10T16:44:01","slug":"%cf%83%ce%bf%ce%b2%ce%b1%cf%83-%cf%84%ce%b5%ce%bb%ce%b9%ce%ba%ce%b7%cf%83-%cf%83%cf%84%cf%81%cf%89%cf%83%ce%b7%cf%83-pm-150","status":"publish","type":"product","link":"https:\/\/powermix.gr\/sq\/produkt\/%cf%83%ce%bf%ce%b2%ce%b1%cf%83-%cf%84%ce%b5%ce%bb%ce%b9%ce%ba%ce%b7%cf%83-%cf%83%cf%84%cf%81%cf%89%cf%83%ce%b7%cf%83-pm-150\/","title":{"rendered":"SUVAS SHTRESES PEDIFUNDIMTARE P 150"},"content":{"rendered":"<p>Sovas shtres\u00ebs p\u00ebr fundimtare me baze \u00e7imento gri, me perlitin dhe me reren e kuqe te imet. Per sip\u00ebrfaqe te jashtme dhe te\nbrendesh me.<br \/>\n<span class=\"redtitle\">P\u00ebrpar\u00ebsit\u00eb:<\/span><\/p>\n<ul>\n<li style=\"list-style-type: none;\">\n<ul>\n<li>rezistenc\u00eb e lart\u00eb ndaj kushteve ekstreme klimatike<\/li>\n<\/ul>\n<\/li>\n<\/ul>\n<p>&nbsp;<\/p>\n<ul>\n<li style=\"list-style-type: none;\">\n<ul>\n<li>Elasticitet i madh<\/li>\n<\/ul>\n<\/li>\n<\/ul>\n<p>&nbsp;<\/p>\n<ul>\n<li style=\"list-style-type: none;\">\n<ul>\n<li>Nuk krijon \u00e7arje<\/li>\n<\/ul>\n<\/li>\n<\/ul>\n<p>&nbsp;<\/p>\n<ul>\n<li style=\"list-style-type: none;\">\n<ul>\n<li>Largon ujin dhe \u00ebsht\u00eb gjithashtu i pap\u00ebrshkuesh\u00ebm nga uji<\/li>\n<\/ul>\n<\/li>\n<\/ul>\n<p>&nbsp;<\/p>\n<ul>\n<li style=\"list-style-type: none;\">\n<ul>\n<li>Aft\u00ebsia transpiruese<\/li>\n<\/ul>\n<\/li>\n<\/ul>\n<p>&nbsp;<\/p>\n<ul>\n<li style=\"list-style-type: none;\">\n<ul>\n<li>Nuk zhvillon asnj\u00eb lloj k\u00ebrpudhash apo fluturash<\/li>\n<\/ul>\n<\/li>\n<\/ul>\n<p>&nbsp;<\/p>\n<ul>\n<li style=\"list-style-type: none;\">\n<ul>\n<li>Ulja e kostos p\u00ebr shkak t\u00eb efikasitetit t\u00eb lart\u00eb t\u00eb materialit<\/li>\n<\/ul>\n<\/li>\n<\/ul>\n<p>&nbsp;<\/p>\n<ul>\n<li>miq\u00ebsore me mjedisin<\/li>\n<\/ul>","protected":false},"excerpt":{"rendered":"<p>\u03a5\u03b4\u03b1\u03c4\u03bf\u03b1\u03c0\u03bf\u03b8\u03c5\u03c4\u03b9\u03ba\u03cc\u03c2 \u03c3\u03bf\u03b2\u03ac\u03c2 \u03c4\u03b5\u03bb\u03b9\u03ba\u03ae\u03c2 \u03c3\u03c4\u03c1\u03ce\u03c3\u03b7\u03c2 \u03bc\u03b5 \u03b2\u03ac\u03c3\u03b7 \u03c4\u03bf \u03b3\u03ba\u03c1\u03b9 \u03c4\u03c3\u03b9\u03bc\u03ad\u03bd\u03c4\u03bf, \u03c4\u03bf\u03bd \u03c0\u03b5\u03c1\u03bb\u03af\u03c4\u03b7 \u03ba\u03b1\u03b9 \u03c4\u03b7\u03bd \u03bb\u03b5\u03c0\u03c4\u03cc\u03ba\u03bf\u03ba\u03ba\u03b7 \u03c0\u03c5\u03c1\u03b9\u03c4\u03b9\u03ba\u03ae \u03ac\u03bc\u03bc\u03bf \u03ba\u03b1\u03c4\u03ac\u03bb\u03bb\u03b7\u03bb\u03bf\u03c2 \u03b3\u03b9\u03b1 \u03b5\u03be\u03c9\u03c4\u03b5\u03c1\u03b9\u03ba\u03ad\u03c2 \u03ba\u03b1\u03b9 \u03b5\u03c3\u03c9\u03c4\u03b5\u03c1\u03b9\u03ba\u03ad\u03c2 \u03b5\u03c0\u03b9\u03c6\u03ac\u03bd\u03b5\u03b9\u03b5\u03c2. \u03a0\u03bb\u03b5\u03bf\u03bd\u03b5\u03ba\u03c4\u03ae\u03bc\u03b1\u03c4\u03b1: \u03a5\u03c8\u03b7\u03bb\u03ae \u03b1\u03bd\u03c4\u03bf\u03c7\u03ae \u03c3\u03b5 \u03b1\u03ba\u03c1\u03b1\u03af\u03b5\u03c2 \u03ba\u03bb\u03b9\u03bc\u03b1\u03c4\u03bf\u03bb\u03bf\u03b3\u03b9\u03ba\u03ad\u03c2 \u03c3\u03c5\u03bd\u03b8\u03ae\u03ba\u03b5\u03c2 &nbsp; \u039c\u03b5\u03b3\u03ac\u03bb\u03b7 \u03b5\u03bb\u03b1\u03c3\u03c4\u03b9\u03ba\u03cc\u03c4\u03b7\u03c4\u03b1 &nbsp; \u0394\u03b5 \u03c1\u03b7\u03b3\u03bc\u03b1\u03c4\u03ce\u03bd\u03b5\u03b9 &nbsp; \u03a5\u03b4\u03b1\u03c4\u03bf\u03b1\u03c0\u03c9\u03b8\u03b7\u03c4\u03b9\u03ba\u03cc\u03c2 \u03ba\u03b1\u03b9 \u03b1\u03b4\u03b9\u03ac\u03b2\u03c1\u03bf\u03c7\u03bf\u03c2 &nbsp; \u0399\u03ba\u03b1\u03bd\u03cc\u03c4\u03b7\u03c4\u03b1 \u03b4\u03b9\u03b1\u03c0\u03bd\u03bf\u03ae\u03c2 &nbsp; \u0394\u03b5\u03bd \u03b1\u03bd\u03b1\u03c0\u03c4\u03cd\u03c3\u03b5\u03b9 \u03bc\u03cd\u03ba\u03b7\u03c4\u03b5\u03c2 \u03ae \u03c0\u03b5\u03c4\u03b1\u03bb\u03bf\u03cd\u03b4\u03b5\u03c2 &nbsp; \u039c\u03b5\u03b9\u03ce\u03bd\u03b5\u03b9 \u03c4\u03bf \u03ba\u03cc\u03c3\u03c4\u03bf\u03c2 \u03bb\u03cc\u03b3\u03c9 \u03c5\u03c8\u03b7\u03bb\u03ae\u03c2 \u03b1\u03c0\u03bf\u03b4\u03bf\u03c4\u03b9\u03ba\u03cc\u03c4\u03b7\u03c4\u03b1\u03c2 [&hellip;]<\/p>","protected":false},"featured_media":383,"template":"","meta":[],"product_brand":[],"product_cat":[29,33],"product_tag":[],"class_list":{"0":"post-382","1":"product","2":"type-product","3":"status-publish","4":"has-post-thumbnail","6":"product_cat-29","7":"product_cat-33","9":"first","10":"instock","11":"shipping-taxable","12":"product-type-simple"},"_links":{"self":[{"href":"https:\/\/powermix.gr\/sq\/wp-json\/wp\/v2\/product\/382","targetHints":{"allow":["GET"]}}],"collection":[{"href":"https:\/\/powermix.gr\/sq\/wp-json\/wp\/v2\/product"}],"about":[{"href":"https:\/\/powermix.gr\/sq\/wp-json\/wp\/v2\/types\/product"}],"wp:featuredmedia":[{"embeddable":true,"href":"https:\/\/powermix.gr\/sq\/wp-json\/wp\/v2\/media\/383"}],"wp:attachment":[{"href":"https:\/\/powermix.gr\/sq\/wp-json\/wp\/v2\/media?parent=382"}],"wp:term":[{"taxonomy":"product_brand","embeddable":true,"href":"https:\/\/powermix.gr\/sq\/wp-json\/wp\/v2\/product_brand?post=382"},{"taxonomy":"product_cat","embeddable":true,"href":"https:\/\/powermix.gr\/sq\/wp-json\/wp\/v2\/product_cat?post=382"},{"taxonomy":"product_tag","embeddable":true,"href":"https:\/\/powermix.gr\/sq\/wp-json\/wp\/v2\/product_tag?post=382"}],"curies":[{"name":"wp","href":"https:\/\/api.w.org\/{rel}","templated":true}]}}