{"id":384,"date":"2024-06-10T18:45:13","date_gmt":"2024-06-10T16:45:13","guid":{"rendered":"https:\/\/powermix.gr\/?post_type=product&#038;p=384"},"modified":"2024-06-10T18:45:13","modified_gmt":"2024-06-10T16:45:13","slug":"%ce%b1%ce%b4%ce%b9%ce%b1%ce%b2%cf%81%ce%bf%cf%87%ce%bf%cf%83-%ce%b3%ce%ba%cf%81%ce%b9-%cf%83%ce%bf%ce%b2%ce%b1%cf%83-pm-80","status":"publish","type":"product","link":"https:\/\/powermix.gr\/sq\/produkt\/%ce%b1%ce%b4%ce%b9%ce%b1%ce%b2%cf%81%ce%bf%cf%87%ce%bf%cf%83-%ce%b3%ce%ba%cf%81%ce%b9-%cf%83%ce%bf%ce%b2%ce%b1%cf%83-pm-80\/","title":{"rendered":"SUVA GRI E PADEPERTUSHME NGA LAGESHTIA PM 80"},"content":{"rendered":"<p>Suva gri e pap\u00ebrshkueshme nga uji p\u00ebr p\u00ebrdorim t\u00eb jasht\u00ebm dhe t\u00eb brendsh\u00ebm me baz\u00eb g\u00eblqere, perlit, \u00e7imento gri dhe pluhur mermeri kristal. Mund t\u00eb aplikohet mbi nj\u00eb shtres\u00eb baz\u00eb (t\u00eb par\u00eb) t\u00eb PM100 ose mbi suva t\u00eb tjera t\u00eb pajtueshme.<br \/>\n<span class=\"redtitle\">P\u00ebrpar\u00ebsit\u00eb:<\/span><\/p>\n<ul>\n<li style=\"list-style-type: none;\">\n<ul>\n<li>rezistenc\u00eb e lart\u00eb ndaj kushteve ekstreme klimatike<\/li>\n<\/ul>\n<\/li>\n<\/ul>\n<p>&nbsp;<\/p>\n<ul>\n<li style=\"list-style-type: none;\">\n<ul>\n<li>Elasticitet i madh<\/li>\n<\/ul>\n<\/li>\n<\/ul>\n<p>&nbsp;<\/p>\n<ul>\n<li style=\"list-style-type: none;\">\n<ul>\n<li>Nuk krijon \u00e7arje<\/li>\n<\/ul>\n<\/li>\n<\/ul>\n<p>&nbsp;<\/p>\n<ul>\n<li style=\"list-style-type: none;\">\n<ul>\n<li>Largon ujin dhe \u00ebsht\u00eb gjithashtu i pap\u00ebrshkuesh\u00ebm nga uji<\/li>\n<\/ul>\n<\/li>\n<\/ul>\n<p>&nbsp;<\/p>\n<ul>\n<li style=\"list-style-type: none;\">\n<ul>\n<li>Aft\u00ebsia transpiruese<\/li>\n<\/ul>\n<\/li>\n<\/ul>\n<p>&nbsp;<\/p>\n<ul>\n<li style=\"list-style-type: none;\">\n<ul>\n<li>Nuk zhvillon asnj\u00eb lloj k\u00ebrpudhash apo fluturash<\/li>\n<\/ul>\n<\/li>\n<\/ul>\n<p>&nbsp;<\/p>\n<ul>\n<li style=\"list-style-type: none;\">\n<ul>\n<li>Ulja e kostos p\u00ebr shkak t\u00eb efikasitetit t\u00eb lart\u00eb t\u00eb materialit<\/li>\n<\/ul>\n<\/li>\n<\/ul>\n<p>&nbsp;<\/p>\n<ul>\n<li style=\"list-style-type: none;\">\n<ul>\n<li>miq\u00ebsore me mjedisin<\/li>\n<\/ul>\n<\/li>\n<\/ul>\n<p>&nbsp;<\/p>\n<ul>\n<li style=\"list-style-type: none;\">\n<ul>\n<li>Koha e aplikimit t\u00eb hapur<\/li>\n<\/ul>\n<\/li>\n<\/ul>\n<p>&nbsp;<\/p>\n<ul>\n<li>Ulja e kostos p\u00ebr shkak t\u00eb efikasitetit t\u00eb lart\u00eb t\u00eb materialit<\/li>\n<\/ul>","protected":false},"excerpt":{"rendered":"<p>\u0391\u03b4\u03b9\u03ac\u03b2\u03c1\u03bf\u03c7\u03bf\u03c2 \u03b3\u03ba\u03c1\u03b9 \u03c3\u03bf\u03b2\u03ac\u03c2 \u03b3\u03b9\u03b1 \u03b5\u03be\u03c9\u03c4\u03b5\u03c1\u03b9\u03ba\u03ae \u03ba\u03b1\u03b9 \u03b5\u03c3\u03c9\u03c4\u03b5\u03c1\u03b9\u03ba\u03ae \u03c7\u03c1\u03ae\u03c3\u03b7 \u03bc\u03b5 \u03b2\u03ac\u03c3\u03b7 \u03c4\u03bf\u03bd \u03c5\u03b4\u03c1\u03ac\u03c3\u03b2\u03b5\u03c3\u03c4\u03bf, \u03c4\u03bf\u03bd \u03c0\u03b5\u03c1\u03bb\u03af\u03c4\u03b7, \u03c4\u03bf \u03b3\u03ba\u03c1\u03b9 \u03c4\u03c3\u03b9\u03bc\u03ad\u03bd\u03c4\u03bf \u03ba\u03b1\u03b9 \u03c4\u03b7\u03bd \u03ba\u03c1\u03b9\u03c3\u03c4\u03b1\u03bb\u03bb\u03b9\u03ba\u03ae \u03bc\u03b1\u03c1\u03bc\u03b1\u03c1\u03cc\u03c3\u03ba\u03bf\u03bd\u03b7.\u0395\u03c6\u03b1\u03c1\u03bc\u03cc\u03b6\u03b5\u03c4\u03b1\u03b9 \u03b5\u03c0\u03ac\u03bd\u03c9 \u03b1\u03c0\u03bf \u03c4\u03b7\u03bd \u03b2\u03b1\u03c3\u03b9\u03ba\u03ae \u03c3\u03c4\u03c1\u03ce\u03c3\u03b7 PM100 \u03b1\u03bb\u03bb\u03b1 \u03ba\u03b1\u03b9 \u03b5\u03c0\u03ac\u03bd\u03c9 \u03c3\u03b5 \u03c3\u03c5\u03bc\u03b2\u03b1\u03c4\u03bf\u03cd\u03c2 \u03c3\u03bf\u03b2\u03ac\u03b4\u03b5\u03c2. \u03a0\u03bb\u03b5\u03bf\u03bd\u03b5\u03ba\u03c4\u03ae\u03bc\u03b1\u03c4\u03b1: \u03a5\u03c8\u03b7\u03bb\u03ae \u03b1\u03bd\u03c4\u03bf\u03c7\u03ae \u03c3\u03b5 \u03b1\u03ba\u03c1\u03b1\u03af\u03b5\u03c2 \u03ba\u03bb\u03b9\u03bc\u03b1\u03c4\u03bf\u03bb\u03bf\u03b3\u03b9\u03ba\u03ad\u03c2 \u03c3\u03c5\u03bd\u03b8\u03ae\u03ba\u03b5\u03c2 &nbsp; \u039c\u03b5\u03b3\u03ac\u03bb\u03b7 \u03b5\u03bb\u03b1\u03c3\u03c4\u03b9\u03ba\u03cc\u03c4\u03b7\u03c4\u03b1 &nbsp; \u0394\u03b5 \u03c1\u03b7\u03b3\u03bc\u03b1\u03c4\u03ce\u03bd\u03b5\u03b9 &nbsp; \u03a5\u03b4\u03b1\u03c4\u03bf\u03b1\u03c0\u03c9\u03b8\u03b7\u03c4\u03b9\u03ba\u03cc\u03c2 \u03ba\u03b1\u03b9 \u03b1\u03b4\u03b9\u03ac\u03b2\u03c1\u03bf\u03c7\u03bf\u03c2 &nbsp; \u0399\u03ba\u03b1\u03bd\u03cc\u03c4\u03b7\u03c4\u03b1 \u03b4\u03b9\u03b1\u03c0\u03bd\u03bf\u03ae\u03c2 &nbsp; \u0394\u03b5\u03bd [&hellip;]<\/p>","protected":false},"featured_media":385,"template":"","meta":[],"product_brand":[],"product_cat":[29,33],"product_tag":[],"class_list":{"0":"post-384","1":"product","2":"type-product","3":"status-publish","4":"has-post-thumbnail","6":"product_cat-29","7":"product_cat-33","9":"first","10":"instock","11":"shipping-taxable","12":"product-type-simple"},"_links":{"self":[{"href":"https:\/\/powermix.gr\/sq\/wp-json\/wp\/v2\/product\/384","targetHints":{"allow":["GET"]}}],"collection":[{"href":"https:\/\/powermix.gr\/sq\/wp-json\/wp\/v2\/product"}],"about":[{"href":"https:\/\/powermix.gr\/sq\/wp-json\/wp\/v2\/types\/product"}],"wp:featuredmedia":[{"embeddable":true,"href":"https:\/\/powermix.gr\/sq\/wp-json\/wp\/v2\/media\/385"}],"wp:attachment":[{"href":"https:\/\/powermix.gr\/sq\/wp-json\/wp\/v2\/media?parent=384"}],"wp:term":[{"taxonomy":"product_brand","embeddable":true,"href":"https:\/\/powermix.gr\/sq\/wp-json\/wp\/v2\/product_brand?post=384"},{"taxonomy":"product_cat","embeddable":true,"href":"https:\/\/powermix.gr\/sq\/wp-json\/wp\/v2\/product_cat?post=384"},{"taxonomy":"product_tag","embeddable":true,"href":"https:\/\/powermix.gr\/sq\/wp-json\/wp\/v2\/product_tag?post=384"}],"curies":[{"name":"wp","href":"https:\/\/api.w.org\/{rel}","templated":true}]}}