{"id":392,"date":"2024-06-10T18:52:10","date_gmt":"2024-06-10T16:52:10","guid":{"rendered":"https:\/\/powermix.gr\/?post_type=product&#038;p=392"},"modified":"2024-06-10T18:52:10","modified_gmt":"2024-06-10T16:52:10","slug":"%cf%83%ce%bf%ce%b2%ce%b1%cf%83-pm-200-decor-full-2-mm","status":"publish","type":"product","link":"https:\/\/powermix.gr\/sq\/produkt\/%cf%83%ce%bf%ce%b2%ce%b1%cf%83-pm-200-decor-full-2-mm\/","title":{"rendered":"PM 200 DECOR SUVA E BARDHE E PADEPERTUSHEM NGH LAGESHTIA GRAFIATO  ( 2 Mm )"},"content":{"rendered":"<p>Suva e bardh\u00eb e padepertusheme nga logeshtia p\u00ebr suvatime sip. t\u00eb brendeshme dhe t\u00eb jashteme mebaz\u00eb gelperen e leugoshme , perlitin , cimenton e bardh\u00eb , dhe pluhurin e kristalt t\u00eb mermerit (marmaroskonin) formohet sip\u00ebr shtres\u00ebs baz\u00eb t\u00eb PM100 por dhe mbi siperfoge suvaj\u00eb t\u00eb tjera t\u00eb regullta.<\/p>\n<p><img decoding=\"async\" src=\"http:\/\/www.powermix.gr\/images\/GP-CSII-W2.jpg\" alt=\"c2te\" width=\"173\" height=\"66\" \/>\u00a0\u00a0\u00a0\u00a0<img decoding=\"async\" src=\"http:\/\/www.powermix.gr\/images\/CELogo.png\" alt=\"ce logo\" width=\"50\" height=\"36\" \/><\/p>\n<p><b>P\u00ebrpar\u00ebsit\u00eb:<\/b><\/p>\n<ul>\n<li>rezistenc\u00eb e lart\u00eb ndaj kushteve ekstreme klimatike<\/li>\n<li>Elasticitet i madh<\/li>\n<li>Nuk krijon \u00e7arje<\/li>\n<li>Largon ujin dhe \u00ebsht\u00eb gjithashtu i pap\u00ebrshkuesh\u00ebm nga uji<\/li>\n<li>Koha e hapur e aplikacionit<\/li>\n<li>miq\u00ebsore me mjedisin<\/li>\n<\/ul>","protected":false},"excerpt":{"rendered":"<p>\u0391\u03b4\u03b9\u03ac\u03b2\u03c1\u03bf\u03c7\u03bf\u03c2 \u03bb\u03b5\u03c5\u03ba\u03cc\u03c2 \u03c3\u03bf\u03b2\u03ac\u03c2 \u03b3\u03b9\u03b1 \u03b5\u03c3\u03c9\u03c4\u03b5\u03c1\u03b9\u03ba\u03ae \u03ba\u03b1\u03b9 \u03b5\u03be\u03c9\u03c4\u03b5\u03c1\u03b9\u03ba\u03ae \u03c7\u03c1\u03ae\u03c3\u03b7 \u03bc\u03b5 \u03b2\u03ac\u03c3\u03b7 \u03c4\u03bf \u03bb\u03b5\u03c5\u03ba\u03cc \u03c4\u03c3\u03b9\u03bc\u03ad\u03bd\u03c4\u03bf, \u03c4\u03b7\u03bd \u03ba\u03c1\u03c5\u03c3\u03c4\u03b1\u03bb\u03bb\u03b9\u03ba\u03ae \u03bc\u03b1\u03c1\u03bc\u03b1\u03c1\u03cc\u03c3\u03ba\u03bf\u03bd\u03b7 \u03ba\u03b1\u03b9 \u03c4\u03bf\u03bd \u03c5\u03b4\u03c1\u03ac\u03c3\u03b2\u03b5\u03c3\u03c4\u03bf. \u0395\u03c6\u03b1\u03c1\u03bc\u03cc\u03b6\u03b5\u03c4\u03b1\u03b9 \u03c0\u03ac\u03bd\u03c9 \u03c3\u03b5 \u03b5\u03c0\u03af\u03c0\u03b5\u03b4\u03b5\u03c2 \u03b5\u03c0\u03b9\u03c6\u03ac\u03bd\u03b5\u03b9\u03b5\u03c2. \u00a0\u00a0\u00a0\u00a0 \u03a0\u039b\u0395\u039f\u039d\u0395\u039a\u03a4\u0397\u039c\u0391\u03a4\u0391 \u03a5\u03c8\u03b7\u03bb\u03ae \u03b1\u03bd\u03c4\u03bf\u03c7\u03ae \u03c3\u03b5 \u03b1\u03ba\u03c1\u03b1\u03af\u03b5\u03c2 \u03ba\u03bb\u03b9\u03bc\u03b1\u03c4\u03bf\u03bb\u03bf\u03b3\u03b9\u03ba\u03ad\u03c2 \u03c3\u03c5\u03bd\u03b8\u03ae\u03ba\u03b5\u03c2 \u039c\u03b5\u03b3\u03ac\u03bb\u03b7 \u03b5\u03bb\u03b1\u03c3\u03c4\u03b9\u03ba\u03cc\u03c4\u03b7\u03c4\u03b1 \u0394\u03b5\u03bd \u03c1\u03b7\u03b3\u03bc\u03b1\u03c4\u03ce\u03bd\u03b5\u03b9 \u03a5\u03b4\u03b1\u03c4\u03bf\u03b1\u03c0\u03c9\u03b8\u03b7\u03c4\u03b9\u03ba\u03cc\u03c2 \u03ba\u03b1\u03b9 \u03b1\u03b4\u03b9\u03ac\u03b2\u03c1\u03bf\u03c7\u03bf\u03c2 \u0391\u03bd\u03bf\u03b9\u03c7\u03c4\u03cc\u03c2 \u03c7\u03c1\u03cc\u03bd\u03bf\u03c2 \u03b5\u03c6\u03b1\u03c1\u03bc\u03bf\u03b3\u03ae\u03c2 \u0399\u03ba\u03b1\u03bd\u03cc\u03c4\u03b7\u03c4\u03b1 \u03b4\u03b9\u03b1\u03c0\u03bd\u03bf\u03ae\u03c2 \u03ba\u03b1\u03b9 \u03c6\u03b9\u03bb\u03b9\u03ba\u03cc \u03c0\u03c1\u03bf\u03c2 \u03c4\u03bf \u03c0\u03b5\u03c1\u03b9\u03b2\u03ac\u03bb\u03bb\u03bf\u03bd<\/p>","protected":false},"featured_media":387,"template":"","meta":[],"product_brand":[],"product_cat":[29,34],"product_tag":[],"class_list":{"0":"post-392","1":"product","2":"type-product","3":"status-publish","4":"has-post-thumbnail","6":"product_cat-29","7":"product_cat---deor","9":"first","10":"instock","11":"shipping-taxable","12":"product-type-simple"},"_links":{"self":[{"href":"https:\/\/powermix.gr\/sq\/wp-json\/wp\/v2\/product\/392","targetHints":{"allow":["GET"]}}],"collection":[{"href":"https:\/\/powermix.gr\/sq\/wp-json\/wp\/v2\/product"}],"about":[{"href":"https:\/\/powermix.gr\/sq\/wp-json\/wp\/v2\/types\/product"}],"wp:featuredmedia":[{"embeddable":true,"href":"https:\/\/powermix.gr\/sq\/wp-json\/wp\/v2\/media\/387"}],"wp:attachment":[{"href":"https:\/\/powermix.gr\/sq\/wp-json\/wp\/v2\/media?parent=392"}],"wp:term":[{"taxonomy":"product_brand","embeddable":true,"href":"https:\/\/powermix.gr\/sq\/wp-json\/wp\/v2\/product_brand?post=392"},{"taxonomy":"product_cat","embeddable":true,"href":"https:\/\/powermix.gr\/sq\/wp-json\/wp\/v2\/product_cat?post=392"},{"taxonomy":"product_tag","embeddable":true,"href":"https:\/\/powermix.gr\/sq\/wp-json\/wp\/v2\/product_tag?post=392"}],"curies":[{"name":"wp","href":"https:\/\/api.w.org\/{rel}","templated":true}]}}