{"id":394,"date":"2024-06-10T18:56:43","date_gmt":"2024-06-10T16:56:43","guid":{"rendered":"https:\/\/powermix.gr\/?post_type=product&#038;p=394"},"modified":"2024-06-11T17:47:45","modified_gmt":"2024-06-11T15:47:45","slug":"%cf%84%ce%b1%cf%87%cf%85%cf%80%ce%b9%ce%ba%cf%84%ce%bf%cf%83-%ce%bb%ce%b5%cf%85%ce%ba%ce%bf%cf%83-%ce%b5%cf%80%ce%b9%cf%83%ce%ba%ce%b5%cf%85%ce%b1%cf%83%cf%84%ce%b9%ce%ba%ce%bf%cf%83-%cf%83%ce%bf","status":"publish","type":"product","link":"https:\/\/powermix.gr\/sq\/produkt\/%cf%84%ce%b1%cf%87%cf%85%cf%80%ce%b9%ce%ba%cf%84%ce%bf%cf%83-%ce%bb%ce%b5%cf%85%ce%ba%ce%bf%cf%83-%ce%b5%cf%80%ce%b9%cf%83%ce%ba%ce%b5%cf%85%ce%b1%cf%83%cf%84%ce%b9%ce%ba%ce%bf%cf%83-%cf%83%ce%bf\/","title":{"rendered":"SUVA E BARDHE PER RIPARIME ME NGRIRJE TE SHPEJTE PM 300"},"content":{"rendered":"<p>Suva e bardh\u00eb e pap\u00ebrshkueshme nga uji, riparuese me ngjitje t\u00eb shpejt\u00eb, e p\u00ebrshtatshme p\u00ebr riparimin e sip\u00ebrfaqeve t\u00eb konsumuara. Ai p\u00ebrb\u00ebhet nga \u00e7imento me forc\u00eb t\u00eb lart\u00eb, g\u00eblqere dhe rr\u00ebshira speciale.<br \/>\nP\u00ebr p\u00ebrgatitjen e tij k\u00ebrkohet vet\u00ebm shtimi i ujit.<\/p>\n<p><b>Aplikacionet<\/b><br \/>\nRiparimi i pjes\u00ebve t\u00eb konsumuara dhe t\u00eb r\u00ebna t\u00eb suvas\u00eb, prind\u00ebrve n\u00eb sip\u00ebrfaqet e brendshme dhe t\u00eb jashtme t\u00eb nd\u00ebrtesave. I pershtatshem per siperfaqe betoni, pllaka, guri, lla\u00e7 \u00e7imentoje etj. Aplikohet si ne siperfaqe vertikale ashtu edhe horizontale.<\/p>","protected":false},"excerpt":{"rendered":"<p>\u03a4\u03b1\u03c7\u03cd\u03c0\u03b7\u03ba\u03c4\u03bf\u03c2 \u03b5\u03c0\u03b9\u03c3\u03ba\u03b5\u03c5\u03b1\u03c3\u03c4\u03b9\u03ba\u03cc\u03c2 \u03b1\u03b4\u03b9\u03ac\u03b2\u03c1\u03bf\u03c7\u03bf\u03c2 \u03bb\u03b5\u03c5\u03ba\u03cc\u03c2 \u03c3\u03bf\u03b2\u03ac\u03c2, \u03ba\u03b1\u03c4\u03ac\u03bb\u03bb\u03b7\u03bb\u03bf\u03c2 \u03b3\u03b9\u03b1 \u03b5\u03c0\u03b9\u03c3\u03ba\u03b5\u03c5\u03ae \u03c6\u03b8\u03b1\u03c1\u03bc\u03ad\u03bd\u03c9\u03bd \u03b5\u03c0\u03b9\u03c6\u03b1\u03bd\u03b5\u03b9\u03ce\u03bd. \u0391\u03c0\u03bf\u03c4\u03b5\u03bb\u03b5\u03af\u03c4\u03b1\u03b9 \u03b1\u03c0\u03bf \u03c5\u03c8\u03b7\u03bb\u03ae\u03c2 \u03b1\u03bd\u03c4\u03bf\u03c7\u03ae\u03c2 \u03c4\u03c3\u03b9\u03bc\u03ad\u03bd\u03c4\u03bf, \u03c5\u03b4\u03c1\u03ac\u03c3\u03b2\u03b5\u03c3\u03c4\u03bf \u03ba\u03b1\u03b9 \u03b5\u03b9\u03b4\u03b9\u03ba\u03ad\u03c2 \u03c1\u03b7\u03c4\u03af\u03bd\u03b5\u03c2. \u0393\u03b9\u03b1 \u03c4\u03b7\u03bd \u03c0\u03b1\u03c1\u03b1\u03c3\u03ba\u03b5\u03c5\u03ae \u03c4\u03bf\u03c5 \u03b1\u03c0\u03b1\u03b9\u03c4\u03b5\u03af\u03c4\u03b1\u03b9 \u03bc\u03cc\u03bd\u03bf \u03c0\u03c1\u03bf\u03c3\u03b8\u03ae\u03ba\u03b7 \u03bd\u03b5\u03c1\u03bf\u03cd. \u0395\u03c6\u03b1\u03c1\u03bc\u03bf\u03b3\u03ad\u03c2 \u0395\u03c0\u03b9\u03c3\u03ba\u03b5\u03c5\u03ae \u03c6\u03b8\u03b1\u03c1\u03bc\u03ad\u03bd\u03c9\u03bd \u03ba\u03b1\u03b9 \u03c0\u03b5\u03c3\u03bc\u03ad\u03bd\u03c9\u03bd \u03c4\u03bc\u03b7\u03bc\u03ac\u03c4\u03c9\u03bd \u03c3\u03bf\u03b2\u03ac, \u03b3\u03bf\u03bd\u03b9\u03ce\u03bd \u03c3\u03b5 \u03b5\u03c3\u03c9\u03c4\u03b5\u03c1\u03b9\u03ba\u03ad\u03c2 \u03ba\u03b1\u03b9 \u03b5\u03be\u03c9\u03c4\u03b5\u03c1\u03b9\u03ba\u03ad\u03c2 \u03b5\u03c0\u03b9\u03c6\u03ac\u03bd\u03b5\u03b9\u03b5\u03c2 \u03ba\u03c4\u03b7\u03c1\u03af\u03c9\u03bd. \u039a\u03b1\u03c4\u03ac\u03bb\u03bb\u03b7\u03bb\u03bf \u03b3\u03b9\u03b1 \u03b5\u03c0\u03b9\u03c6\u03ac\u03bd\u03b5\u03b9\u03b5\u03c2 \u03bc\u03c0\u03b5\u03c4\u03bf\u03cd, \u03c4\u03bf\u03cd\u03bb\u03b2\u03c9\u03bd, \u03c0\u03ad\u03c4\u03c1\u03b1\u03c2 , \u03c4\u03c3\u03b9\u03bc\u03b5\u03bd\u03c4\u03bf\u03ba\u03bf\u03bd\u03af\u03b1\u03c2 \u03ba\u03bb\u03c0. \u0395\u03c6\u03b1\u03c1\u03bc\u03cc\u03b6\u03b5\u03c4\u03b1\u03b9 \u03c3\u03b5 \u03ba\u03b1\u03c4\u03b1\u03ba\u03cc\u03c1\u03c5\u03c6\u03b5\u03c2 \u03b1\u03bb\u03bb\u03ac \u03ba\u03b1\u03b9 [&hellip;]<\/p>","protected":false},"featured_media":395,"template":"","meta":[],"product_brand":[],"product_cat":[35,29],"product_tag":[],"class_list":{"0":"post-394","1":"product","2":"type-product","3":"status-publish","4":"has-post-thumbnail","6":"product_cat-35","7":"product_cat-29","9":"first","10":"instock","11":"shipping-taxable","12":"product-type-simple"},"_links":{"self":[{"href":"https:\/\/powermix.gr\/sq\/wp-json\/wp\/v2\/product\/394","targetHints":{"allow":["GET"]}}],"collection":[{"href":"https:\/\/powermix.gr\/sq\/wp-json\/wp\/v2\/product"}],"about":[{"href":"https:\/\/powermix.gr\/sq\/wp-json\/wp\/v2\/types\/product"}],"wp:featuredmedia":[{"embeddable":true,"href":"https:\/\/powermix.gr\/sq\/wp-json\/wp\/v2\/media\/395"}],"wp:attachment":[{"href":"https:\/\/powermix.gr\/sq\/wp-json\/wp\/v2\/media?parent=394"}],"wp:term":[{"taxonomy":"product_brand","embeddable":true,"href":"https:\/\/powermix.gr\/sq\/wp-json\/wp\/v2\/product_brand?post=394"},{"taxonomy":"product_cat","embeddable":true,"href":"https:\/\/powermix.gr\/sq\/wp-json\/wp\/v2\/product_cat?post=394"},{"taxonomy":"product_tag","embeddable":true,"href":"https:\/\/powermix.gr\/sq\/wp-json\/wp\/v2\/product_tag?post=394"}],"curies":[{"name":"wp","href":"https:\/\/api.w.org\/{rel}","templated":true}]}}