{"id":396,"date":"2024-06-10T18:57:51","date_gmt":"2024-06-10T16:57:51","guid":{"rendered":"https:\/\/powermix.gr\/?post_type=product&#038;p=396"},"modified":"2024-06-10T20:19:33","modified_gmt":"2024-06-10T18:19:33","slug":"pm-400-plaster-%ce%b1%ce%ba%cf%81%cf%85%ce%bb%ce%b9%ce%ba%ce%bf","status":"publish","type":"product","link":"https:\/\/powermix.gr\/sq\/produkt\/pm-400-plaster-%ce%b1%ce%ba%cf%81%cf%85%ce%bb%ce%b9%ce%ba%ce%bf\/","title":{"rendered":"\u0420\u041c 400 NORMAL \u2013 FULL"},"content":{"rendered":"<p>P\u00cbRSHKRIMI: Suva akrilike e gatshme e pap\u00ebrshkueshme nga uji n\u00eb form\u00ebn e nj\u00eb paste me baz\u00eb rr\u00ebshir\u00eb akrilike dhe p\u00ebrb\u00ebr\u00ebs ve\u00e7an\u00ebrisht t\u00eb vler\u00ebsuar me cil\u00ebsi t\u00eb shk\u00eblqyera q\u00eb rafinojn\u00eb sip\u00ebrfaqet me pamjen e tyre. Ka q\u00ebndrueshm\u00ebri t\u00eb madhe dhe lejon transpirimin e nd\u00ebrtes\u00ebs<\/p>\n<p>P\u00cbRDORIMI: PM 400 NORMAL p\u00ebrdoret si suva e veshjes p\u00ebrfundimtare p\u00ebr ambiente t\u00eb brendshme dhe t\u00eb jashtme dhe \u00ebsht\u00eb ideale p\u00ebr t'u aplikuar n\u00eb t\u00eb gjitha materialet e nd\u00ebrtimit, duke p\u00ebrfshir\u00eb sip\u00ebrfaqet e ekspozuara t\u00eb betonit, g\u00eblqeres\/\u00e7imentos, \u00e7imentos, gipsit, pllakave termoizoluese etj.<\/p>","protected":false},"excerpt":{"rendered":"<p>\u03a0\u0395\u03a1\u0399\u0393\u03a1\u0391\u03a6\u0397: \u0388\u03c4\u03bf\u03b9\u03bc\u03bf\u03c2 \u03b1\u03ba\u03c1\u03c5\u03bb\u03b9\u03ba\u03cc\u03c2 \u03b1\u03b4\u03b9\u03ac\u03b2\u03c1\u03bf\u03c7\u03bf\u03c2 \u03bb\u03b5\u03c5\u03ba\u03cc\u03c2 \u03c3\u03bf\u03b2\u03ac\u03c2 \u03c3\u03b5 \u03bc\u03bf\u03c1\u03c6\u03ae \u03c0\u03ac\u03c3\u03c4\u03b1\u03c2, \u03bc\u03b5 \u03b2\u03ac\u03c3\u03b7 \u03b1\u03ba\u03c1\u03c5\u03bb\u03b9\u03ba\u03ad\u03c2 \u03c1\u03b7\u03c4\u03af\u03bd\u03b5\u03c2 \u03ba\u03b1\u03b9 \u03b5\u03b9\u03b4\u03b9\u03ba\u03ac \u03b4\u03b9\u03b1\u03b2\u03b1\u03b8\u03bc\u03b9\u03c3\u03bc\u03ad\u03bd\u03b1 \u03b1\u03b4\u03c1\u03b1\u03bd\u03ae \u03c5\u03bb\u03b9\u03ba\u03ac \u03b1\u03c1\u03af\u03c3\u03c4\u03b7\u03c2 \u03c0\u03bf\u03b9\u03cc\u03c4\u03b7\u03c4\u03b1\u03c2, \u03c0\u03bf\u03c5 \u03b4\u03b9\u03b1\u03bc\u03bf\u03c1\u03c6\u03ce\u03bd\u03bf\u03c5\u03bd \u03b4\u03b9\u03b1\u03ba\u03bf\u03c3\u03bc\u03b7\u03c4\u03b9\u03ba\u03ad\u03c2 \u03b5\u03c0\u03b9\u03c6\u03ac\u03bd\u03b5\u03b9\u03b5\u03c2 \u03b1\u03bd\u03b1\u03bb\u03cc\u03b3\u03c9\u03c2 \u03bc\u03b5 \u03c4\u03b7\u03bd \u03b5\u03c6\u03b1\u03c1\u03bc\u03bf\u03b3\u03ae. \u0388\u03c7\u03b5\u03b9 \u03bc\u03b5\u03b3\u03ac\u03bb\u03b7 \u03b1\u03bd\u03c4\u03bf\u03c7\u03ae \u03c3\u03c4\u03bf\u03bd \u03c7\u03c1\u03cc\u03bd\u03bf , \u03b5\u03c0\u03b9\u03c4\u03c1\u03ad\u03c0\u03bf\u03bd\u03c4\u03b1\u03c2 \u03c4\u03b7\u03bd \u03b4\u03b9\u03b1\u03c0\u03bd\u03bf\u03ae \u03c4\u03bf\u03c5 \u03ba\u03c4\u03b9\u03c1\u03af\u03bf\u03c5 . \u03a7\u03a1\u0397\u03a3\u0397 : \u03a4\u03bf PM 400 NORMAL \u03c7\u03c1\u03b7\u03c3\u03b9\u03bc\u03bf\u03c0\u03bf\u03b9\u03b5\u03af\u03c4\u03b1\u03b9 \u03c9\u03c2 \u03c4\u03b5\u03bb\u03b9\u03ba\u03ae \u03c3\u03c4\u03c1\u03ce\u03c3\u03b7 \u03c3\u03bf\u03b2\u03ac \u03b3\u03b9\u03b1 \u03b5\u03c3\u03c9\u03c4\u03b5\u03c1\u03b9\u03ba\u03bf\u03cd\u03c2 \u03ba\u03b1\u03b9 \u03b5\u03be\u03c9\u03c4\u03b5\u03c1\u03b9\u03ba\u03bf\u03cd\u03c2 [&hellip;]<\/p>","protected":false},"featured_media":397,"template":"","meta":[],"product_brand":[],"product_cat":[47,36,29],"product_tag":[],"class_list":{"0":"post-396","1":"product","2":"type-product","3":"status-publish","4":"has-post-thumbnail","6":"product_cat-powerclima","7":"product_cat-36","8":"product_cat-29","10":"first","11":"instock","12":"shipping-taxable","13":"product-type-simple"},"_links":{"self":[{"href":"https:\/\/powermix.gr\/sq\/wp-json\/wp\/v2\/product\/396","targetHints":{"allow":["GET"]}}],"collection":[{"href":"https:\/\/powermix.gr\/sq\/wp-json\/wp\/v2\/product"}],"about":[{"href":"https:\/\/powermix.gr\/sq\/wp-json\/wp\/v2\/types\/product"}],"wp:featuredmedia":[{"embeddable":true,"href":"https:\/\/powermix.gr\/sq\/wp-json\/wp\/v2\/media\/397"}],"wp:attachment":[{"href":"https:\/\/powermix.gr\/sq\/wp-json\/wp\/v2\/media?parent=396"}],"wp:term":[{"taxonomy":"product_brand","embeddable":true,"href":"https:\/\/powermix.gr\/sq\/wp-json\/wp\/v2\/product_brand?post=396"},{"taxonomy":"product_cat","embeddable":true,"href":"https:\/\/powermix.gr\/sq\/wp-json\/wp\/v2\/product_cat?post=396"},{"taxonomy":"product_tag","embeddable":true,"href":"https:\/\/powermix.gr\/sq\/wp-json\/wp\/v2\/product_tag?post=396"}],"curies":[{"name":"wp","href":"https:\/\/api.w.org\/{rel}","templated":true}]}}