{"id":398,"date":"2024-06-10T18:58:47","date_gmt":"2024-06-10T16:58:47","guid":{"rendered":"https:\/\/powermix.gr\/?post_type=product&#038;p=398"},"modified":"2024-06-10T20:19:37","modified_gmt":"2024-06-10T18:19:37","slug":"pm-500-plaster-%cf%83%ce%b9%ce%bb%ce%b9%ce%ba%ce%bf%ce%bd%ce%b7%cf%83","status":"publish","type":"product","link":"https:\/\/powermix.gr\/sq\/produkt\/pm-500-plaster-%cf%83%ce%b9%ce%bb%ce%b9%ce%ba%ce%bf%ce%bd%ce%b7%cf%83\/","title":{"rendered":"\u0420\u041c 500 NORMAL \u2013 FULL"},"content":{"rendered":"<p>Suva e gatshme silikoni e bardh\u00eb kund\u00ebr ujit n\u00eb form\u00eb paste, e bazuar n\u00eb rr\u00ebshira akrilike dhe aditiv\u00eb silikoni. P\u00ebrmban agregate t\u00eb shkall\u00ebzuar t\u00eb cil\u00ebsis\u00eb s\u00eb shk\u00eblqyer, t\u00eb cilat formojn\u00eb sip\u00ebrfaqe dekorative n\u00eb var\u00ebsi t\u00eb aplikimit. Ka q\u00ebndrueshm\u00ebri t\u00eb madhe, duke lejuar transpirimin e nd\u00ebrtes\u00ebs.<\/p>\n<p>P\u00cbRDORIMI: PM 500 NORMAL + FULL p\u00ebrdoret si suva p\u00ebr veshjen p\u00ebrfundimtare p\u00ebr aplikim t\u00eb jasht\u00ebm dhe t\u00eb brendsh\u00ebm dhe \u00ebsht\u00eb ideal p\u00ebr p\u00ebrdorim me t\u00eb gjitha materialet e nd\u00ebrtimit, si sip\u00ebrfaqet e betonit t\u00eb ekspozuar, lla\u00e7\u00ebt g\u00eblqere\/\u00e7imento, \u00e7imento, suva, pllaka termoizoluese etj. .<\/p>","protected":false},"excerpt":{"rendered":"<p>\u0388\u03c4\u03bf\u03b9\u03bc\u03bf\u03c2 \u03c3\u03b9\u03bb\u03b9\u03ba\u03bf\u03bd\u03bf\u03cd\u03c7\u03bf\u03c2 \u03bb\u03b5\u03c5\u03ba\u03cc\u03c2 \u03c5\u03b4\u03b1\u03c4\u03bf\u03b1\u03c0\u03c9\u03b8\u03b7\u03c4\u03b9\u03ba\u03cc\u03c2 \u03c3\u03bf\u03b2\u03ac\u03c2 \u03c3\u03b5 \u03bc\u03bf\u03c1\u03c6\u03ae \u03c0\u03ac\u03c3\u03c4\u03b1\u03c2,\u03bc\u03b5 \u03b2\u03ac\u03c3\u03b7 \u03b1\u03ba\u03c1\u03c5\u03bb\u03b9\u03ba\u03ad\u03c2 \u03c1\u03b7\u03c4\u03af\u03bd\u03b5\u03c2 \u03ba\u03b1\u03b9 \u03c0\u03c1\u03cc\u03c3\u03b8\u03b5\u03c4\u03b1 \u03c3\u03b9\u03bb\u03b9\u03ba\u03cc\u03bd\u03b7\u03c2. \u03a0\u03b5\u03c1\u03b9\u03ad\u03c7\u03b5\u03b9 \u03b4\u03b9\u03b1\u03b2\u03b1\u03b8\u03bc\u03b9\u03c3\u03bc\u03ad\u03bd\u03b1 \u03b1\u03b4\u03c1\u03b1\u03bd\u03ae \u03c5\u03bb\u03b9\u03ba\u03ac \u03b1\u03c1\u03af\u03c3\u03c4\u03b7\u03c2 \u03c0\u03bf\u03b9\u03cc\u03c4\u03b7\u03c4\u03b1\u03c2, \u03c0\u03bf\u03c5 \u03b4\u03b9\u03b1\u03bc\u03bf\u03c1\u03c6\u03ce\u03bd\u03bf\u03c5\u03bd \u03b4\u03b9\u03b1\u03ba\u03bf\u03c3\u03bc\u03b7\u03c4\u03b9\u03ba\u03ad\u03c2 \u03b5\u03c0\u03b9\u03c6\u03ac\u03bd\u03b5\u03b9\u03b5\u03c2 \u03b1\u03bd\u03b1\u03bb\u03cc\u03b3\u03c9\u03c2 \u03c4\u03b7\u03bd \u03b5\u03c6\u03b1\u03c1\u03bc\u03bf\u03b3\u03ae . \u0388\u03c7\u03b5\u03b9 \u03bc\u03b5\u03b3\u03ac\u03bb\u03b7 \u03b1\u03bd\u03c4\u03bf\u03c7\u03ae \u03c3\u03c4\u03bf\u03bd \u03c7\u03c1\u03cc\u03bd\u03bf , \u03b5\u03c0\u03b9\u03c4\u03c1\u03ad\u03c0\u03bf\u03bd\u03c4\u03b1\u03c2 \u03c4\u03b7\u03bd \u03b4\u03b9\u03b1\u03c0\u03bd\u03bf\u03ae \u03c4\u03bf\u03c5 \u03ba\u03c4\u03b9\u03c1\u03af\u03bf\u03c5 . \u03a7\u03a1\u0397\u03a3\u0397 : \u03a4\u03bf PM 500 NORMAL + FULL \u03c7\u03c1\u03b7\u03c3\u03b9\u03bc\u03bf\u03c0\u03bf\u03b9\u03b5\u03af\u03c4\u03b1\u03b9 \u03c9\u03c2 \u03c4\u03b5\u03bb\u03b9\u03ba\u03ae \u03c3\u03c4\u03c1\u03ce\u03c3\u03b7 \u03c3\u03bf\u03b2\u03ac \u03b3\u03b9\u03b1 \u03b5\u03c3\u03c9\u03c4\u03b5\u03c1\u03b9\u03ba\u03bf\u03cd\u03c2 [&hellip;]<\/p>","protected":false},"featured_media":399,"template":"","meta":[],"product_brand":[],"product_cat":[47,29,37],"product_tag":[],"class_list":{"0":"post-398","1":"product","2":"type-product","3":"status-publish","4":"has-post-thumbnail","6":"product_cat-powerclima","7":"product_cat-29","8":"product_cat-37","10":"first","11":"instock","12":"shipping-taxable","13":"product-type-simple"},"_links":{"self":[{"href":"https:\/\/powermix.gr\/sq\/wp-json\/wp\/v2\/product\/398","targetHints":{"allow":["GET"]}}],"collection":[{"href":"https:\/\/powermix.gr\/sq\/wp-json\/wp\/v2\/product"}],"about":[{"href":"https:\/\/powermix.gr\/sq\/wp-json\/wp\/v2\/types\/product"}],"wp:featuredmedia":[{"embeddable":true,"href":"https:\/\/powermix.gr\/sq\/wp-json\/wp\/v2\/media\/399"}],"wp:attachment":[{"href":"https:\/\/powermix.gr\/sq\/wp-json\/wp\/v2\/media?parent=398"}],"wp:term":[{"taxonomy":"product_brand","embeddable":true,"href":"https:\/\/powermix.gr\/sq\/wp-json\/wp\/v2\/product_brand?post=398"},{"taxonomy":"product_cat","embeddable":true,"href":"https:\/\/powermix.gr\/sq\/wp-json\/wp\/v2\/product_cat?post=398"},{"taxonomy":"product_tag","embeddable":true,"href":"https:\/\/powermix.gr\/sq\/wp-json\/wp\/v2\/product_tag?post=398"}],"curies":[{"name":"wp","href":"https:\/\/api.w.org\/{rel}","templated":true}]}}