{"id":409,"date":"2024-06-10T19:06:58","date_gmt":"2024-06-10T17:06:58","guid":{"rendered":"https:\/\/powermix.gr\/?post_type=product&#038;p=409"},"modified":"2024-06-10T19:06:58","modified_gmt":"2024-06-10T17:06:58","slug":"%ce%b1%ce%ba%cf%81%cf%85%ce%bb%ce%b9%ce%ba%ce%b7-%ce%ba%ce%bf%ce%bb%ce%bb%ce%b1-prima-r40-c1t","status":"publish","type":"product","link":"https:\/\/powermix.gr\/sq\/produkt\/%ce%b1%ce%ba%cf%81%cf%85%ce%bb%ce%b9%ce%ba%ce%b7-%ce%ba%ce%bf%ce%bb%ce%bb%ce%b1-prima-r40-c1t\/","title":{"rendered":"KOLLE AKRILIKE PRIMA R 40 ( C1T )"},"content":{"rendered":"<p>KOLLE AKRILIKE PRIMA R 40 ( C1T )<br \/>\nKolle akrilike per pllaka me baze \u00e7imenton e bardhe dhe me kokeriza te zgjedhura marmaroskoni\nLeude e gateshne velem duke hedhur uj\u00eb.\nE perdoreshme per ambiente te breudeshme dhe te jashteme (Beton suva cimentoganiercy)\nI rezton shume mire koh\u00ebs dhe nuk \u00e7kermoqet pershlaleshme dhe p\u00ebr ngjitjeh felizoli.<\/p>\n<p><img decoding=\"async\" src=\"http:\/\/www.powermix.gr\/images\/C1ELOGO.jpg\" alt=\"c2te\" width=\"80\" height=\"71\" \/>\u00a0\u00a0\u00a0\u00a0<img decoding=\"async\" src=\"http:\/\/www.powermix.gr\/images\/CELogo.png\" alt=\"ce logo\" width=\"50\" height=\"36\" \/><\/p>","protected":false},"excerpt":{"rendered":"<p>\u0391\u039a\u03a1\u03a5\u039b\u039b\u0399\u039a\u0397 \u039a\u039f\u039b\u039b\u0391 PRIMA R40 ( C1T ) A\u03ba\u03c1\u03c5\u03bb\u03b9\u03ba\u03ae \u03ba\u03cc\u03bb\u03bb\u03b1 \u03c0\u03bb\u03b1\u03ba\u03b9\u03b4\u03af\u03c9\u03bd \u03bc\u03b5 \u03b2\u03ac\u03c3\u03b7 \u03c4\u03bf \u03bb\u03b5\u03c5\u03ba\u03cc \u03c4\u03c3\u03b9\u03bc\u03ad\u03bd\u03c4\u03bf \u03ba\u03b1\u03b9 \u03b5\u03c0\u03b9\u03bb\u03b5\u03b3\u03bc\u03ad\u03bd\u03b7\u03c2 \u03ba\u03bf\u03ba\u03ba\u03bf\u03bc\u03b5\u03c4\u03c1\u03af\u03b1\u03c2 \u03bc\u03b1\u03c1\u03bc\u03b1\u03c1\u03cc\u03c3\u03ba\u03bf\u03bd\u03b7\u03c2. \u03a5\u03bb\u03b9\u03ba\u03cc \u03ad\u03c4\u03bf\u03b9\u03bc\u03bf \u03b3\u03b9\u03b1 \u03c7\u03c1\u03ae\u03c3\u03b7 \u03bc\u03cc\u03bd\u03bf \u03bc\u03b5 \u03c0\u03c1\u03bf\u03c3\u03b8\u03ae\u03ba\u03b7 \u03bd\u03b5\u03c1\u03bf\u03cd. \u039a\u03b1\u03c4\u03ac\u03bb\u03bb\u03b7\u03bb\u03bf \u03b3\u03b9\u03b1 \u03b5\u03c3\u03c9\u03c4\u03b5\u03c1\u03b9\u03ba\u03bf\u03cd\u03c2 \u03ba\u03b1\u03b9 \u03b5\u03be\u03c9\u03c4\u03b5\u03c1\u03b9\u03ba\u03bf\u03cd\u03c2 \u03c7\u03ce\u03c1\u03bf\u03c5\u03c2 (\u03bc\u03c0\u03b5\u03c4\u03cc\u03bd, \u03c3\u03bf\u03b2\u03ac, \u03c4\u03c3\u03b9\u03bc\u03b5\u03bd\u03c4\u03bf\u03ba\u03bf\u03bd\u03af\u03b1 \u03ba\u03bb\u03c0) \u03bc\u03b5 \u03ac\u03c1\u03b9\u03c3\u03c4\u03b7 \u03b1\u03bd\u03c4\u03bf\u03c7\u03ae \u03c3\u03c4\u03bf \u03c7\u03c1\u03cc\u03bd\u03bf \u03ba\u03b1\u03b9 \u03bc\u03b7\u03b4\u03b5\u03bd\u03b9\u03ba\u03ae \u03bf\u03bb\u03af\u03c3\u03b8\u03b7\u03c3\u03b7. \u00a0\u00a0\u00a0\u00a0<\/p>","protected":false},"featured_media":410,"template":"","meta":[],"product_brand":[],"product_cat":[30,39],"product_tag":[],"class_list":{"0":"post-409","1":"product","2":"type-product","3":"status-publish","4":"has-post-thumbnail","6":"product_cat-30","7":"product_cat-39","9":"first","10":"instock","11":"shipping-taxable","12":"product-type-simple"},"_links":{"self":[{"href":"https:\/\/powermix.gr\/sq\/wp-json\/wp\/v2\/product\/409","targetHints":{"allow":["GET"]}}],"collection":[{"href":"https:\/\/powermix.gr\/sq\/wp-json\/wp\/v2\/product"}],"about":[{"href":"https:\/\/powermix.gr\/sq\/wp-json\/wp\/v2\/types\/product"}],"wp:featuredmedia":[{"embeddable":true,"href":"https:\/\/powermix.gr\/sq\/wp-json\/wp\/v2\/media\/410"}],"wp:attachment":[{"href":"https:\/\/powermix.gr\/sq\/wp-json\/wp\/v2\/media?parent=409"}],"wp:term":[{"taxonomy":"product_brand","embeddable":true,"href":"https:\/\/powermix.gr\/sq\/wp-json\/wp\/v2\/product_brand?post=409"},{"taxonomy":"product_cat","embeddable":true,"href":"https:\/\/powermix.gr\/sq\/wp-json\/wp\/v2\/product_cat?post=409"},{"taxonomy":"product_tag","embeddable":true,"href":"https:\/\/powermix.gr\/sq\/wp-json\/wp\/v2\/product_tag?post=409"}],"curies":[{"name":"wp","href":"https:\/\/api.w.org\/{rel}","templated":true}]}}