{"id":411,"date":"2024-06-10T19:07:49","date_gmt":"2024-06-10T17:07:49","guid":{"rendered":"https:\/\/powermix.gr\/?post_type=product&#038;p=411"},"modified":"2024-06-10T19:07:49","modified_gmt":"2024-06-10T17:07:49","slug":"%ce%b1%ce%ba%cf%81%cf%85%ce%bb%ce%b9%ce%ba%ce%b7-%ce%ba%ce%bf%ce%bb%ce%bb%ce%b1-super-r50-25-kgr-c2te","status":"publish","type":"product","link":"https:\/\/powermix.gr\/sq\/produkt\/%ce%b1%ce%ba%cf%81%cf%85%ce%bb%ce%b9%ce%ba%ce%b7-%ce%ba%ce%bf%ce%bb%ce%bb%ce%b1-super-r50-25-kgr-c2te\/","title":{"rendered":"KOLLE AKRILIKE SUPER R 50 25 Kgr ( C2TE )"},"content":{"rendered":"<p>Kolla akrilike per pllaka me baze \u00e7imenton e bardhe dhe pluhur mermeri me kokeriza te zgjedhura. Lende e gateshme p\u00ebr p\u00ebrdorim duke shtuor ujie e pershtuteshme per siperfope te breudeshme dhe t\u00eb jushteme (ne beton, suva, cimentogonie etj) me rezistence et shum\u00eb te lart\u00eb m\u00eb koh\u00eb dhe nuk thermohet.<\/p>\n<p><img decoding=\"async\" src=\"http:\/\/www.powermix.gr\/images\/C2TE%20LOGOnos1.jpg\" alt=\"c2te\" width=\"80\" height=\"71\" \/>\u00a0\u00a0\u00a0\u00a0<img decoding=\"async\" src=\"http:\/\/www.powermix.gr\/images\/CELogo.png\" alt=\"ce logo\" width=\"50\" height=\"36\" \/><\/p>","protected":false},"excerpt":{"rendered":"<p>Kolla akrilike per pllaka me baze \u00e7imenton e bardhe dhe pluhur mermeri me kokeriza te zgjedhura. Lende e gateshme p\u00ebr p\u00ebrdorim duke shtuor ujie e pershtuteshme per siperfope te breudeshme dhe t\u00eb jushteme (ne beton, suva, cimentogonie etj) me rezistence et shum\u00eb te lart\u00eb m\u00eb koh\u00eb dhe nuk thermohet. \u00a0\u00a0\u00a0\u00a0<\/p>","protected":false},"featured_media":412,"template":"","meta":[],"product_brand":[],"product_cat":[30,39],"product_tag":[],"class_list":{"0":"post-411","1":"product","2":"type-product","3":"status-publish","4":"has-post-thumbnail","6":"product_cat-30","7":"product_cat-39","9":"first","10":"instock","11":"shipping-taxable","12":"product-type-simple"},"_links":{"self":[{"href":"https:\/\/powermix.gr\/sq\/wp-json\/wp\/v2\/product\/411","targetHints":{"allow":["GET"]}}],"collection":[{"href":"https:\/\/powermix.gr\/sq\/wp-json\/wp\/v2\/product"}],"about":[{"href":"https:\/\/powermix.gr\/sq\/wp-json\/wp\/v2\/types\/product"}],"wp:featuredmedia":[{"embeddable":true,"href":"https:\/\/powermix.gr\/sq\/wp-json\/wp\/v2\/media\/412"}],"wp:attachment":[{"href":"https:\/\/powermix.gr\/sq\/wp-json\/wp\/v2\/media?parent=411"}],"wp:term":[{"taxonomy":"product_brand","embeddable":true,"href":"https:\/\/powermix.gr\/sq\/wp-json\/wp\/v2\/product_brand?post=411"},{"taxonomy":"product_cat","embeddable":true,"href":"https:\/\/powermix.gr\/sq\/wp-json\/wp\/v2\/product_cat?post=411"},{"taxonomy":"product_tag","embeddable":true,"href":"https:\/\/powermix.gr\/sq\/wp-json\/wp\/v2\/product_tag?post=411"}],"curies":[{"name":"wp","href":"https:\/\/api.w.org\/{rel}","templated":true}]}}