{"id":416,"date":"2024-06-10T19:11:35","date_gmt":"2024-06-10T17:11:35","guid":{"rendered":"https:\/\/powermix.gr\/?post_type=product&#038;p=416"},"modified":"2024-06-11T19:28:20","modified_gmt":"2024-06-11T17:28:20","slug":"%ce%b1%cf%81%ce%bc%ce%bf%cf%83%cf%84%ce%bf%ce%ba%ce%bf%cf%83-%cf%80%ce%bb%ce%b1%ce%ba%ce%b9%ce%b4%ce%b9%cf%89%ce%bd-%ce%b1-1-8-mm-5kgr","status":"publish","type":"product","link":"https:\/\/powermix.gr\/sq\/produkt\/%ce%b1%cf%81%ce%bc%ce%bf%cf%83%cf%84%ce%bf%ce%ba%ce%bf%cf%83-%cf%80%ce%bb%ce%b1%ce%ba%ce%b9%ce%b4%ce%b9%cf%89%ce%bd-%ce%b1-1-8-mm-5kgr\/","title":{"rendered":"ARMO POWER 1-8mm ARMOSTOKOS AKRILIKOS PER PLLAKA, PADEPERTUSHEM NGA LAGESHTIA -5KGR"},"content":{"rendered":"<p>Armostokos me ngiyr\u00eb me baz\u00eb \u00e7imenton, stokimin e pllakave p\u00ebr trash\u00ebsi t\u00eb kanalit deri 5mm. TIP CG2 E EN 13888.\nSHKALLA (HAPSIRA) E PERDORIMIT\n\u00cbsht\u00eb e pershtateshme p\u00ebr stukimin e pllakave n\u00eb mure ose n\u00eb dysheme, t\u00eb \u00e7far\u00eb do lloj\u00eb n\u00eb ambiente t\u00eb brendshme ose t\u00eb\njashtme.<\/p>\n<p><img fetchpriority=\"high\" decoding=\"async\" class=\"alignnone wp-image-509 size-full\" src=\"https:\/\/powermix.gr\/wp-content\/uploads\/2024\/06\/armopowertable_en-1.jpg\" alt=\"\" width=\"544\" height=\"153\" srcset=\"https:\/\/powermix.gr\/wp-content\/uploads\/2024\/06\/armopowertable_en-1.jpg 544w, https:\/\/powermix.gr\/wp-content\/uploads\/2024\/06\/armopowertable_en-1-18x5.jpg 18w, https:\/\/powermix.gr\/wp-content\/uploads\/2024\/06\/armopowertable_en-1-200x56.jpg 200w\" sizes=\"(max-width: 544px) 100vw, 544px\" \/><\/p>","protected":false},"excerpt":{"rendered":"<p>Armostokos me ngiyr\u00eb me baz\u00eb \u00e7imenton, stokimin e pllakave p\u00ebr trash\u00ebsi t\u00eb kanalit deri 5mm. TIP CG2 E EN 13888.\nSHKALLA (HAPSIRA) E PERDORIMIT\n\u00cbsht\u00eb e pershtateshme p\u00ebr stukimin e pllakave n\u00eb mure ose n\u00eb dysheme, t\u00eb \u00e7far\u00eb do lloj\u00eb n\u00eb ambiente t\u00eb brendshme ose t\u00eb\njashtme.<\/p>","protected":false},"featured_media":417,"template":"","meta":[],"product_brand":[],"product_cat":[40,30],"product_tag":[],"class_list":{"0":"post-416","1":"product","2":"type-product","3":"status-publish","4":"has-post-thumbnail","6":"product_cat-40","7":"product_cat-30","9":"first","10":"instock","11":"shipping-taxable","12":"product-type-simple"},"_links":{"self":[{"href":"https:\/\/powermix.gr\/sq\/wp-json\/wp\/v2\/product\/416","targetHints":{"allow":["GET"]}}],"collection":[{"href":"https:\/\/powermix.gr\/sq\/wp-json\/wp\/v2\/product"}],"about":[{"href":"https:\/\/powermix.gr\/sq\/wp-json\/wp\/v2\/types\/product"}],"wp:featuredmedia":[{"embeddable":true,"href":"https:\/\/powermix.gr\/sq\/wp-json\/wp\/v2\/media\/417"}],"wp:attachment":[{"href":"https:\/\/powermix.gr\/sq\/wp-json\/wp\/v2\/media?parent=416"}],"wp:term":[{"taxonomy":"product_brand","embeddable":true,"href":"https:\/\/powermix.gr\/sq\/wp-json\/wp\/v2\/product_brand?post=416"},{"taxonomy":"product_cat","embeddable":true,"href":"https:\/\/powermix.gr\/sq\/wp-json\/wp\/v2\/product_cat?post=416"},{"taxonomy":"product_tag","embeddable":true,"href":"https:\/\/powermix.gr\/sq\/wp-json\/wp\/v2\/product_tag?post=416"}],"curies":[{"name":"wp","href":"https:\/\/api.w.org\/{rel}","templated":true}]}}