{"id":423,"date":"2024-06-10T20:01:59","date_gmt":"2024-06-10T18:01:59","guid":{"rendered":"https:\/\/powermix.gr\/?post_type=product&#038;p=423"},"modified":"2024-06-10T20:01:59","modified_gmt":"2024-06-10T18:01:59","slug":"%cf%83%cf%84%ce%b5%ce%b3%ce%b1%ce%bd%ce%bf%cf%80%ce%bf%ce%b9%ce%b7%cf%84%ce%b9%ce%ba%ce%bf-%ce%bc%ce%b1%ce%b6%ce%b1%cf%83-%cf%81%ce%b5%cf%85%cf%83%cf%84%ce%bf%cf%80%ce%bf%ce%b9%ce%b7%cf%84%ce%b7","status":"publish","type":"product","link":"https:\/\/powermix.gr\/sq\/produkt\/%cf%83%cf%84%ce%b5%ce%b3%ce%b1%ce%bd%ce%bf%cf%80%ce%bf%ce%b9%ce%b7%cf%84%ce%b9%ce%ba%ce%bf-%ce%bc%ce%b1%ce%b6%ce%b1%cf%83-%cf%81%ce%b5%cf%85%cf%83%cf%84%ce%bf%cf%80%ce%bf%ce%b9%ce%b7%cf%84%ce%b7\/","title":{"rendered":"ASOMIX 100 HIDROIZOLIM MASS -TRET\u00cbS THARJA"},"content":{"rendered":"<p>Tret\u00ebs i shtresave (konkret) t\u00eb hidroizolim mass (SK-308, ASTM c-494: Tipit A). Perdoret (shtohet) tek shtresat e torta t\u00eb\nplastifikuara dhe p\u00ebrmir\u00ebson rezistencen n\u00eb lag\u00ebshti.<\/p>","protected":false},"excerpt":{"rendered":"<p>Tret\u00ebs i shtresave (konkret) t\u00eb hidroizolim mass (SK-308, ASTM c-494: Tipit A). Perdoret (shtohet) tek shtresat e torta t\u00eb\nplastifikuara dhe p\u00ebrmir\u00ebson rezistencen n\u00eb lag\u00ebshti.<\/p>","protected":false},"featured_media":424,"template":"","meta":[],"product_brand":[],"product_cat":[45,46],"product_tag":[],"class_list":{"0":"post-423","1":"product","2":"type-product","3":"status-publish","4":"has-post-thumbnail","6":"product_cat-45","7":"product_cat-46","9":"first","10":"instock","11":"shipping-taxable","12":"product-type-simple"},"_links":{"self":[{"href":"https:\/\/powermix.gr\/sq\/wp-json\/wp\/v2\/product\/423","targetHints":{"allow":["GET"]}}],"collection":[{"href":"https:\/\/powermix.gr\/sq\/wp-json\/wp\/v2\/product"}],"about":[{"href":"https:\/\/powermix.gr\/sq\/wp-json\/wp\/v2\/types\/product"}],"wp:featuredmedia":[{"embeddable":true,"href":"https:\/\/powermix.gr\/sq\/wp-json\/wp\/v2\/media\/424"}],"wp:attachment":[{"href":"https:\/\/powermix.gr\/sq\/wp-json\/wp\/v2\/media?parent=423"}],"wp:term":[{"taxonomy":"product_brand","embeddable":true,"href":"https:\/\/powermix.gr\/sq\/wp-json\/wp\/v2\/product_brand?post=423"},{"taxonomy":"product_cat","embeddable":true,"href":"https:\/\/powermix.gr\/sq\/wp-json\/wp\/v2\/product_cat?post=423"},{"taxonomy":"product_tag","embeddable":true,"href":"https:\/\/powermix.gr\/sq\/wp-json\/wp\/v2\/product_tag?post=423"}],"curies":[{"name":"wp","href":"https:\/\/api.w.org\/{rel}","templated":true}]}}