{"id":429,"date":"2024-06-10T20:04:37","date_gmt":"2024-06-10T18:04:37","guid":{"rendered":"https:\/\/powermix.gr\/?post_type=product&#038;p=429"},"modified":"2024-06-10T20:04:37","modified_gmt":"2024-06-10T18:04:37","slug":"%ce%bf%ce%b9%ce%ba%ce%bf%ce%b4%ce%bf%ce%bc%ce%b9%ce%ba%ce%b7-%cf%81%ce%b7%cf%84%ce%b9%ce%bd%ce%b7-powerplast-200","status":"publish","type":"product","link":"https:\/\/powermix.gr\/sq\/produkt\/%ce%bf%ce%b9%ce%ba%ce%bf%ce%b4%ce%bf%ce%bc%ce%b9%ce%ba%ce%b7-%cf%81%ce%b7%cf%84%ce%b9%ce%bd%ce%b7-powerplast-200\/","title":{"rendered":"POWERPLAST 200 RITINI P\u00cbR ND\u00cbRTIM"},"content":{"rendered":"<p>Ritini e dertimit p\u00ebr permiresime t\u00eb shumta tecilesis s\u00eb materialit (lla\u00e7it) n\u00eb elasticitetin, t\u00eb tharjes ritjen e rezistances n\u00eb\nforkime dhe m\u00eb ambjenk kimike, p\u00ebrshpejton tharjen etj.\nVe\u00e7an\u00ebrisht p\u00ebr nj\u00eb ngjitje m\u00eb t\u00eb mir\u00eb t\u00eb shtesave t\u00eb vjetar\u00eb m\u00eb shtresat e reja t\u00eb ashpra suvaje.<\/p>","protected":false},"excerpt":{"rendered":"<p>Ritini e dertimit p\u00ebr permiresime t\u00eb shumta tecilesis s\u00eb materialit (lla\u00e7it) n\u00eb elasticitetin, t\u00eb tharjes ritjen e rezistances n\u00eb\nforkime dhe m\u00eb ambjenk kimike, p\u00ebrshpejton tharjen etj.\nVe\u00e7an\u00ebrisht p\u00ebr nj\u00eb ngjitje m\u00eb t\u00eb mir\u00eb t\u00eb shtesave t\u00eb vjetar\u00eb m\u00eb shtresat e reja t\u00eb ashpra suvaje.<\/p>","protected":false},"featured_media":430,"template":"","meta":[],"product_brand":[],"product_cat":[45,46],"product_tag":[],"class_list":{"0":"post-429","1":"product","2":"type-product","3":"status-publish","4":"has-post-thumbnail","6":"product_cat-45","7":"product_cat-46","9":"first","10":"instock","11":"shipping-taxable","12":"product-type-simple"},"_links":{"self":[{"href":"https:\/\/powermix.gr\/sq\/wp-json\/wp\/v2\/product\/429","targetHints":{"allow":["GET"]}}],"collection":[{"href":"https:\/\/powermix.gr\/sq\/wp-json\/wp\/v2\/product"}],"about":[{"href":"https:\/\/powermix.gr\/sq\/wp-json\/wp\/v2\/types\/product"}],"wp:featuredmedia":[{"embeddable":true,"href":"https:\/\/powermix.gr\/sq\/wp-json\/wp\/v2\/media\/430"}],"wp:attachment":[{"href":"https:\/\/powermix.gr\/sq\/wp-json\/wp\/v2\/media?parent=429"}],"wp:term":[{"taxonomy":"product_brand","embeddable":true,"href":"https:\/\/powermix.gr\/sq\/wp-json\/wp\/v2\/product_brand?post=429"},{"taxonomy":"product_cat","embeddable":true,"href":"https:\/\/powermix.gr\/sq\/wp-json\/wp\/v2\/product_cat?post=429"},{"taxonomy":"product_tag","embeddable":true,"href":"https:\/\/powermix.gr\/sq\/wp-json\/wp\/v2\/product_tag?post=429"}],"curies":[{"name":"wp","href":"https:\/\/api.w.org\/{rel}","templated":true}]}}