{"id":431,"date":"2024-06-10T20:05:26","date_gmt":"2024-06-10T18:05:26","guid":{"rendered":"https:\/\/powermix.gr\/?post_type=product&#038;p=431"},"modified":"2024-06-10T20:05:26","modified_gmt":"2024-06-10T18:05:26","slug":"%ce%b2%ce%b5%ce%bb%cf%84%ce%b9%cf%89%cf%84%ce%b9%ce%ba%ce%b7-%cf%81%ce%b7%cf%84%ce%b9%ce%bd%ce%b7-%ce%b3%ce%b9%ce%b1-%ce%ba%ce%bf%ce%bb%ce%bb%ce%b5%cf%83-%ce%ba%ce%b1%ce%b9-%ce%b1%cf%81%ce%bc%ce%bf","status":"publish","type":"product","link":"https:\/\/powermix.gr\/sq\/produkt\/%ce%b2%ce%b5%ce%bb%cf%84%ce%b9%cf%89%cf%84%ce%b9%ce%ba%ce%b7-%cf%81%ce%b7%cf%84%ce%b9%ce%bd%ce%b7-%ce%b3%ce%b9%ce%b1-%ce%ba%ce%bf%ce%bb%ce%bb%ce%b5%cf%83-%ce%ba%ce%b1%ce%b9-%ce%b1%cf%81%ce%bc%ce%bf\/","title":{"rendered":"POWERPLAST 100 RITINI P\u00cbR ND\u00cbRTIM"},"content":{"rendered":"<p>RETINE PER P\u00cbRMIR\u00cbSIMI TE KOLL\u00cbS DHE ARMOSTOKOS<\/p>","protected":false},"excerpt":{"rendered":"<p>RETINE PER P\u00cbRMIR\u00cbSIMI TE KOLL\u00cbS DHE ARMOSTOKOS<\/p>","protected":false},"featured_media":432,"template":"","meta":[],"product_brand":[],"product_cat":[45,46],"product_tag":[],"class_list":{"0":"post-431","1":"product","2":"type-product","3":"status-publish","4":"has-post-thumbnail","6":"product_cat-45","7":"product_cat-46","9":"first","10":"instock","11":"shipping-taxable","12":"product-type-simple"},"_links":{"self":[{"href":"https:\/\/powermix.gr\/sq\/wp-json\/wp\/v2\/product\/431","targetHints":{"allow":["GET"]}}],"collection":[{"href":"https:\/\/powermix.gr\/sq\/wp-json\/wp\/v2\/product"}],"about":[{"href":"https:\/\/powermix.gr\/sq\/wp-json\/wp\/v2\/types\/product"}],"wp:featuredmedia":[{"embeddable":true,"href":"https:\/\/powermix.gr\/sq\/wp-json\/wp\/v2\/media\/432"}],"wp:attachment":[{"href":"https:\/\/powermix.gr\/sq\/wp-json\/wp\/v2\/media?parent=431"}],"wp:term":[{"taxonomy":"product_brand","embeddable":true,"href":"https:\/\/powermix.gr\/sq\/wp-json\/wp\/v2\/product_brand?post=431"},{"taxonomy":"product_cat","embeddable":true,"href":"https:\/\/powermix.gr\/sq\/wp-json\/wp\/v2\/product_cat?post=431"},{"taxonomy":"product_tag","embeddable":true,"href":"https:\/\/powermix.gr\/sq\/wp-json\/wp\/v2\/product_tag?post=431"}],"curies":[{"name":"wp","href":"https:\/\/api.w.org\/{rel}","templated":true}]}}